{"id":376,"date":"2017-02-22T22:51:47","date_gmt":"2017-02-23T02:51:47","guid":{"rendered":"http:\/\/conagoparecotopaxi.gob.ec\/cotopaxi\/?page_id=376"},"modified":"2017-06-28T13:21:34","modified_gmt":"2017-06-28T17:21:34","slug":"rendicion-de-cuentas-2017","status":"publish","type":"page","link":"https:\/\/conagoparecotopaxi.gob.ec\/cotopaxi\/?page_id=376","title":{"rendered":"Rendici\u00f3n de Cuentas 2017"},"content":{"rendered":"<p><a href=\"http:\/\/conagoparecotopaxi.gob.ec\/cotopaxi\/wp-content\/uploads\/2017\/02\/RESOLUCI\u00d3N-RENDICION-441.pdf\">RESOLUCI\u00d3N RENDICION 441<\/a> <a href=\"http:\/\/conagoparecotopaxi.gob.ec\/cotopaxi\/wp-content\/uploads\/2017\/02\/ENTREGA-DE-CONVOCATORIAS-436.pdf\">ENTREGA DE CONVOCATORIAS 436<\/a> <a href=\"http:\/\/conagoparecotopaxi.gob.ec\/cotopaxi\/wp-content\/uploads\/2017\/02\/INVITACI\u00d3N-440.pdf\">INVITACI\u00d3N 440<\/a>, <a href=\"http:\/\/conagoparecotopaxi.gob.ec\/cotopaxi\/wp-content\/uploads\/2017\/02\/ACTA-010-2017-RENDICI\u00d3N-DE-CUENTAS.pdf\">ACTA 010 &#8211; 2017 &#8211; RENDICI\u00d3N DE CUENTAS<\/a>,\u00a0<a href=\"http:\/\/conagoparecotopaxi.gob.ec\/cotopaxi\/wp-content\/uploads\/2017\/02\/ASISTENCIA-DE-RENDICION-DE-CUENTA-439.pdf\">ASISTENCIA DE RENDICION DE CUENTA 439<\/a>, <a href=\"http:\/\/conagoparecotopaxi.gob.ec\/cotopaxi\/wp-content\/uploads\/2017\/02\/RENDICI\u00d3N-DE-CUENTAS-2016-final.pdf\">RENDICI\u00d3N DE CUENTAS &#8211; 2016 final<\/a><\/p>\n","protected":false},"excerpt":{"rendered":"<p>RESOLUCI\u00d3N RENDICION 441 ENTREGA DE CONVOCATORIAS 436 INVITACI\u00d3N 440, ACTA 010 &#8211; 2017 &#8211; RENDICI\u00d3N DE CUENTAS,\u00a0ASISTENCIA DE RENDICION DE CUENTA 439, RENDICI\u00d3N DE CUENTAS &#8211; 2016 final<\/p>\n","protected":false},"author":2,"featured_media":0,"parent":0,"menu_order":0,"comment_status":"closed","ping_status":"closed","template":"","meta":{"footnotes":""},"class_list":["post-376","page","type-page","status-publish","hentry"],"yoast_head":"<!-- This site is optimized with the Yoast SEO plugin v27.3 - https:\/\/yoast.com\/product\/yoast-seo-wordpress\/ -->\n<title>Rendici\u00f3n de Cuentas 2017 - Conagopare sede Cotopaxi<\/title>\n<meta name=\"robots\" content=\"index, follow, max-snippet:-1, max-image-preview:large, max-video-preview:-1\" \/>\n<link rel=\"canonical\" href=\"https:\/\/conagoparecotopaxi.gob.ec\/cotopaxi\/?page_id=376\" \/>\n<meta property=\"og:locale\" content=\"es_ES\" \/>\n<meta property=\"og:type\" content=\"article\" \/>\n<meta property=\"og:title\" content=\"Rendici\u00f3n de Cuentas 2017 - Conagopare sede Cotopaxi\" \/>\n<meta property=\"og:description\" content=\"RESOLUCI\u00d3N RENDICION 441 ENTREGA DE CONVOCATORIAS 436 INVITACI\u00d3N 440, ACTA 010 &#8211; 2017 &#8211; RENDICI\u00d3N DE CUENTAS,\u00a0ASISTENCIA DE RENDICION DE CUENTA 439, RENDICI\u00d3N DE CUENTAS &#8211; 2016 final\" \/>\n<meta property=\"og:url\" content=\"https:\/\/conagoparecotopaxi.gob.ec\/cotopaxi\/?page_id=376\" \/>\n<meta property=\"og:site_name\" content=\"Conagopare sede Cotopaxi\" \/>\n<meta property=\"article:modified_time\" content=\"2017-06-28T17:21:34+00:00\" \/>\n<meta name=\"twitter:card\" content=\"summary_large_image\" \/>\n<script type=\"application\/ld+json\" class=\"yoast-schema-graph\">{\"@context\":\"https:\\\/\\\/schema.org\",\"@graph\":[{\"@type\":\"WebPage\",\"@id\":\"https:\\\/\\\/conagoparecotopaxi.gob.ec\\\/cotopaxi\\\/?page_id=376\",\"url\":\"https:\\\/\\\/conagoparecotopaxi.gob.ec\\\/cotopaxi\\\/?page_id=376\",\"name\":\"Rendici\u00f3n de Cuentas 2017 - Conagopare sede Cotopaxi\",\"isPartOf\":{\"@id\":\"https:\\\/\\\/conagoparecotopaxi.gob.ec\\\/cotopaxi\\\/#website\"},\"datePublished\":\"2017-02-23T02:51:47+00:00\",\"dateModified\":\"2017-06-28T17:21:34+00:00\",\"breadcrumb\":{\"@id\":\"https:\\\/\\\/conagoparecotopaxi.gob.ec\\\/cotopaxi\\\/?page_id=376#breadcrumb\"},\"inLanguage\":\"es\",\"potentialAction\":[{\"@type\":\"ReadAction\",\"target\":[\"https:\\\/\\\/conagoparecotopaxi.gob.ec\\\/cotopaxi\\\/?page_id=376\"]}]},{\"@type\":\"BreadcrumbList\",\"@id\":\"https:\\\/\\\/conagoparecotopaxi.gob.ec\\\/cotopaxi\\\/?page_id=376#breadcrumb\",\"itemListElement\":[{\"@type\":\"ListItem\",\"position\":1,\"name\":\"Home\",\"item\":\"https:\\\/\\\/conagoparecotopaxi.gob.ec\\\/cotopaxi\"},{\"@type\":\"ListItem\",\"position\":2,\"name\":\"Rendici\u00f3n de Cuentas 2017\"}]},{\"@type\":\"WebSite\",\"@id\":\"https:\\\/\\\/conagoparecotopaxi.gob.ec\\\/cotopaxi\\\/#website\",\"url\":\"https:\\\/\\\/conagoparecotopaxi.gob.ec\\\/cotopaxi\\\/\",\"name\":\"Conagopare sede Cotopaxi\",\"description\":\"Sitio Oficial de la CONAGOPARE sede COTOPAXI\",\"publisher\":{\"@id\":\"https:\\\/\\\/conagoparecotopaxi.gob.ec\\\/cotopaxi\\\/#organization\"},\"potentialAction\":[{\"@type\":\"SearchAction\",\"target\":{\"@type\":\"EntryPoint\",\"urlTemplate\":\"https:\\\/\\\/conagoparecotopaxi.gob.ec\\\/cotopaxi\\\/?s={search_term_string}\"},\"query-input\":{\"@type\":\"PropertyValueSpecification\",\"valueRequired\":true,\"valueName\":\"search_term_string\"}}],\"inLanguage\":\"es\"},{\"@type\":\"Organization\",\"@id\":\"https:\\\/\\\/conagoparecotopaxi.gob.ec\\\/cotopaxi\\\/#organization\",\"name\":\"CONAGOPARE Sede COTOPAXI\",\"url\":\"https:\\\/\\\/conagoparecotopaxi.gob.ec\\\/cotopaxi\\\/\",\"logo\":{\"@type\":\"ImageObject\",\"inLanguage\":\"es\",\"@id\":\"https:\\\/\\\/conagoparecotopaxi.gob.ec\\\/cotopaxi\\\/#\\\/schema\\\/logo\\\/image\\\/\",\"url\":\"https:\\\/\\\/conagoparecotopaxi.gob.ec\\\/cotopaxi\\\/wp-content\\\/uploads\\\/2020\\\/04\\\/Cotopaxi-300x131-1.jpg\",\"contentUrl\":\"https:\\\/\\\/conagoparecotopaxi.gob.ec\\\/cotopaxi\\\/wp-content\\\/uploads\\\/2020\\\/04\\\/Cotopaxi-300x131-1.jpg\",\"width\":300,\"height\":131,\"caption\":\"CONAGOPARE Sede COTOPAXI\"},\"image\":{\"@id\":\"https:\\\/\\\/conagoparecotopaxi.gob.ec\\\/cotopaxi\\\/#\\\/schema\\\/logo\\\/image\\\/\"}}]}<\/script>\n<!-- \/ Yoast SEO plugin. -->","yoast_head_json":{"title":"Rendici\u00f3n de Cuentas 2017 - Conagopare sede Cotopaxi","robots":{"index":"index","follow":"follow","max-snippet":"max-snippet:-1","max-image-preview":"max-image-preview:large","max-video-preview":"max-video-preview:-1"},"canonical":"https:\/\/conagoparecotopaxi.gob.ec\/cotopaxi\/?page_id=376","og_locale":"es_ES","og_type":"article","og_title":"Rendici\u00f3n de Cuentas 2017 - Conagopare sede Cotopaxi","og_description":"RESOLUCI\u00d3N RENDICION 441 ENTREGA DE CONVOCATORIAS 436 INVITACI\u00d3N 440, ACTA 010 &#8211; 2017 &#8211; RENDICI\u00d3N DE CUENTAS,\u00a0ASISTENCIA DE RENDICION DE CUENTA 439, RENDICI\u00d3N DE CUENTAS &#8211; 2016 final","og_url":"https:\/\/conagoparecotopaxi.gob.ec\/cotopaxi\/?page_id=376","og_site_name":"Conagopare sede Cotopaxi","article_modified_time":"2017-06-28T17:21:34+00:00","twitter_card":"summary_large_image","schema":{"@context":"https:\/\/schema.org","@graph":[{"@type":"WebPage","@id":"https:\/\/conagoparecotopaxi.gob.ec\/cotopaxi\/?page_id=376","url":"https:\/\/conagoparecotopaxi.gob.ec\/cotopaxi\/?page_id=376","name":"Rendici\u00f3n de Cuentas 2017 - Conagopare sede Cotopaxi","isPartOf":{"@id":"https:\/\/conagoparecotopaxi.gob.ec\/cotopaxi\/#website"},"datePublished":"2017-02-23T02:51:47+00:00","dateModified":"2017-06-28T17:21:34+00:00","breadcrumb":{"@id":"https:\/\/conagoparecotopaxi.gob.ec\/cotopaxi\/?page_id=376#breadcrumb"},"inLanguage":"es","potentialAction":[{"@type":"ReadAction","target":["https:\/\/conagoparecotopaxi.gob.ec\/cotopaxi\/?page_id=376"]}]},{"@type":"BreadcrumbList","@id":"https:\/\/conagoparecotopaxi.gob.ec\/cotopaxi\/?page_id=376#breadcrumb","itemListElement":[{"@type":"ListItem","position":1,"name":"Home","item":"https:\/\/conagoparecotopaxi.gob.ec\/cotopaxi"},{"@type":"ListItem","position":2,"name":"Rendici\u00f3n de Cuentas 2017"}]},{"@type":"WebSite","@id":"https:\/\/conagoparecotopaxi.gob.ec\/cotopaxi\/#website","url":"https:\/\/conagoparecotopaxi.gob.ec\/cotopaxi\/","name":"Conagopare sede Cotopaxi","description":"Sitio Oficial de la CONAGOPARE sede COTOPAXI","publisher":{"@id":"https:\/\/conagoparecotopaxi.gob.ec\/cotopaxi\/#organization"},"potentialAction":[{"@type":"SearchAction","target":{"@type":"EntryPoint","urlTemplate":"https:\/\/conagoparecotopaxi.gob.ec\/cotopaxi\/?s={search_term_string}"},"query-input":{"@type":"PropertyValueSpecification","valueRequired":true,"valueName":"search_term_string"}}],"inLanguage":"es"},{"@type":"Organization","@id":"https:\/\/conagoparecotopaxi.gob.ec\/cotopaxi\/#organization","name":"CONAGOPARE Sede COTOPAXI","url":"https:\/\/conagoparecotopaxi.gob.ec\/cotopaxi\/","logo":{"@type":"ImageObject","inLanguage":"es","@id":"https:\/\/conagoparecotopaxi.gob.ec\/cotopaxi\/#\/schema\/logo\/image\/","url":"https:\/\/conagoparecotopaxi.gob.ec\/cotopaxi\/wp-content\/uploads\/2020\/04\/Cotopaxi-300x131-1.jpg","contentUrl":"https:\/\/conagoparecotopaxi.gob.ec\/cotopaxi\/wp-content\/uploads\/2020\/04\/Cotopaxi-300x131-1.jpg","width":300,"height":131,"caption":"CONAGOPARE Sede COTOPAXI"},"image":{"@id":"https:\/\/conagoparecotopaxi.gob.ec\/cotopaxi\/#\/schema\/logo\/image\/"}}]}},"_links":{"self":[{"href":"https:\/\/conagoparecotopaxi.gob.ec\/cotopaxi\/index.php?rest_route=\/wp\/v2\/pages\/376","targetHints":{"allow":["GET"]}}],"collection":[{"href":"https:\/\/conagoparecotopaxi.gob.ec\/cotopaxi\/index.php?rest_route=\/wp\/v2\/pages"}],"about":[{"href":"https:\/\/conagoparecotopaxi.gob.ec\/cotopaxi\/index.php?rest_route=\/wp\/v2\/types\/page"}],"author":[{"embeddable":true,"href":"https:\/\/conagoparecotopaxi.gob.ec\/cotopaxi\/index.php?rest_route=\/wp\/v2\/users\/2"}],"replies":[{"embeddable":true,"href":"https:\/\/conagoparecotopaxi.gob.ec\/cotopaxi\/index.php?rest_route=%2Fwp%2Fv2%2Fcomments&post=376"}],"version-history":[{"count":5,"href":"https:\/\/conagoparecotopaxi.gob.ec\/cotopaxi\/index.php?rest_route=\/wp\/v2\/pages\/376\/revisions"}],"predecessor-version":[{"id":452,"href":"https:\/\/conagoparecotopaxi.gob.ec\/cotopaxi\/index.php?rest_route=\/wp\/v2\/pages\/376\/revisions\/452"}],"wp:attachment":[{"href":"https:\/\/conagoparecotopaxi.gob.ec\/cotopaxi\/index.php?rest_route=%2Fwp%2Fv2%2Fmedia&parent=376"}],"curies":[{"name":"wp","href":"https:\/\/api.w.org\/{rel}","templated":true}]}}