{"id":2967,"date":"2023-06-30T13:26:50","date_gmt":"2023-06-30T17:26:50","guid":{"rendered":"https:\/\/conagoparecotopaxi.gob.ec\/cotopaxi\/?page_id=2967"},"modified":"2023-06-30T23:03:08","modified_gmt":"2023-07-01T03:03:08","slug":"rendicion-de-cuentas-2022","status":"publish","type":"page","link":"https:\/\/conagoparecotopaxi.gob.ec\/cotopaxi\/?page_id=2967","title":{"rendered":"Rendici\u00f3n de Cuentas 2022"},"content":{"rendered":"<p>&nbsp;<\/p>\n<p><a href=\"https:\/\/conagoparecotopaxi.gob.ec\/cotopaxi\/wp-content\/uploads\/2023\/06\/Propuesta-del-proceso-del-Informe-de-Rendicion-de-Cuentas-del-ano-2022.pdf\">Propuesta del proceso del Informe de Rendici\u00f3n de Cuentas del a\u00f1o 2022<\/a><\/p>\n<p><a href=\"https:\/\/conagoparecotopaxi.gob.ec\/cotopaxi\/wp-content\/uploads\/2023\/06\/FUNCION-DEL-ESTADO-OK.pdf\">FUNCION DEL ESTADO OK<\/a><\/p>\n<p><a href=\"https:\/\/conagoparecotopaxi.gob.ec\/cotopaxi\/wp-content\/uploads\/2023\/06\/Invitacion-de-Informe-de-Rendicion-de-Cuentas-del-ano-2022.pdf\">Invitaci\u00f3n de Informe de Rendici\u00f3n de Cuentas del a\u00f1o 2022<\/a><\/p>\n<p><a href=\"https:\/\/conagoparecotopaxi.gob.ec\/cotopaxi\/wp-content\/uploads\/2023\/06\/memorando-Nro.CC-CONT-2023-57.pdf\">memorando Nro.CC-CONT-2023-57<\/a><\/p>\n<p><a href=\"https:\/\/conagoparecotopaxi.gob.ec\/cotopaxi\/wp-content\/uploads\/2023\/06\/Convocatoria-para-la-socializacion-Interna-del-informe-de-la-Rendicion-de-Cuentas-ano-2022.pdf\">Convocatoria &#8211; para la socializaci\u00f3n Interna del informe de la Rendici\u00f3n de Cuentas a\u00f1o 2022<\/a><\/p>\n<p><a href=\"https:\/\/conagoparecotopaxi.gob.ec\/cotopaxi\/wp-content\/uploads\/2023\/06\/Acta-de-socializacion-Interna-del-Informe-de-Rendicion-de-Cuenta-ano-2022.pdf\">Acta de socializaci\u00f3n Interna del Informe de Rendici\u00f3n de Cuenta a\u00f1o 2022<\/a><\/p>\n<p><a href=\"https:\/\/conagoparecotopaxi.gob.ec\/cotopaxi\/wp-content\/uploads\/2023\/06\/Asistencia-ala-socializacion-Interna-de-Informe-de-Rendicion-Cuentas-del-ano-2022.pdf\">Asistencia ala socializaci\u00f3n Interna de Informe de Rendici\u00f3n Cuentas del a\u00f1o 2022<\/a><\/p>\n<p><a href=\"https:\/\/conagoparecotopaxi.gob.ec\/cotopaxi\/wp-content\/uploads\/2023\/06\/memorandoNro.CC-CONT-2023-67.pdf\">memorandoNro.CC-CONT-2023-67<\/a><\/p>\n<p><a href=\"https:\/\/conagoparecotopaxi.gob.ec\/cotopaxi\/wp-content\/uploads\/2023\/06\/Informe-Preliminar-de-Rendicion-de-Cuentas-del-ano-2022.pdf\">Informe Preliminar de Rendici\u00f3n de Cuentas del a\u00f1o 2022<\/a><\/p>\n<p><a href=\"https:\/\/conagoparecotopaxi.gob.ec\/cotopaxi\/wp-content\/uploads\/2023\/06\/Presentacion-de-Informe-de-Rendicion-de-Cuentas-ano-2022.pptx\">Presentaci\u00f3n de Informe de Rendici\u00f3n de Cuentas a\u00f1o 2022<\/a><\/p>\n<p><a href=\"https:\/\/conagoparecotopaxi.gob.ec\/cotopaxi\/wp-content\/uploads\/2023\/06\/Asistencia-de-deliberacion-Publica-de-Rendicion-de-Cuentas-2022.pdf\">Asistencia de deliberaci\u00f3n P\u00fablica de Rendici\u00f3n de Cuentas 2022<\/a><\/p>\n<p><a href=\"https:\/\/conagoparecotopaxi.gob.ec\/cotopaxi\/wp-content\/uploads\/2023\/06\/Acta-de-deliberacion-publica-de-rendicion-de-cuentas-2022.pdf\">Acta de deliberaci\u00f3n p\u00fablica de rendici\u00f3n de cuentas 2022<\/a><\/p>\n<p><a href=\"https:\/\/conagoparecotopaxi.gob.ec\/cotopaxi\/wp-content\/uploads\/2023\/06\/Funciones.pdf\">Funciones<\/a><\/p>\n<p>&nbsp;<\/p>\n<p>&nbsp;<\/p>\n<p>&nbsp;<\/p>\n","protected":false},"excerpt":{"rendered":"<p>&nbsp; Propuesta del proceso del Informe de Rendici\u00f3n de Cuentas del a\u00f1o 2022 FUNCION DEL ESTADO OK Invitaci\u00f3n de Informe de Rendici\u00f3n de Cuentas del a\u00f1o 2022 memorando Nro.CC-CONT-2023-57 Convocatoria &#8211; para la socializaci\u00f3n Interna del informe de la Rendici\u00f3n de Cuentas a\u00f1o 2022 Acta de socializaci\u00f3n Interna del Informe de Rendici\u00f3n de Cuenta a\u00f1o [&hellip;]<\/p>\n","protected":false},"author":2,"featured_media":0,"parent":0,"menu_order":0,"comment_status":"closed","ping_status":"closed","template":"","meta":{"footnotes":""},"class_list":["post-2967","page","type-page","status-publish","hentry"],"yoast_head":"<!-- This site is optimized with the Yoast SEO plugin v27.3 - https:\/\/yoast.com\/product\/yoast-seo-wordpress\/ -->\n<title>Rendici\u00f3n de Cuentas 2022 - Conagopare sede Cotopaxi<\/title>\n<meta name=\"robots\" content=\"index, follow, max-snippet:-1, max-image-preview:large, max-video-preview:-1\" \/>\n<link rel=\"canonical\" href=\"https:\/\/conagoparecotopaxi.gob.ec\/cotopaxi\/?page_id=2967\" \/>\n<meta property=\"og:locale\" content=\"es_ES\" \/>\n<meta property=\"og:type\" content=\"article\" \/>\n<meta property=\"og:title\" content=\"Rendici\u00f3n de Cuentas 2022 - Conagopare sede Cotopaxi\" \/>\n<meta property=\"og:description\" content=\"&nbsp; Propuesta del proceso del Informe de Rendici\u00f3n de Cuentas del a\u00f1o 2022 FUNCION DEL ESTADO OK Invitaci\u00f3n de Informe de Rendici\u00f3n de Cuentas del a\u00f1o 2022 memorando Nro.CC-CONT-2023-57 Convocatoria &#8211; para la socializaci\u00f3n Interna del informe de la Rendici\u00f3n de Cuentas a\u00f1o 2022 Acta de socializaci\u00f3n Interna del Informe de Rendici\u00f3n de Cuenta a\u00f1o [&hellip;]\" \/>\n<meta property=\"og:url\" content=\"https:\/\/conagoparecotopaxi.gob.ec\/cotopaxi\/?page_id=2967\" \/>\n<meta property=\"og:site_name\" content=\"Conagopare sede Cotopaxi\" \/>\n<meta property=\"article:modified_time\" content=\"2023-07-01T03:03:08+00:00\" \/>\n<meta name=\"twitter:card\" content=\"summary_large_image\" \/>\n<meta name=\"twitter:label1\" content=\"Tiempo de lectura\" \/>\n\t<meta name=\"twitter:data1\" content=\"1 minuto\" \/>\n<script type=\"application\/ld+json\" class=\"yoast-schema-graph\">{\"@context\":\"https:\\\/\\\/schema.org\",\"@graph\":[{\"@type\":\"WebPage\",\"@id\":\"https:\\\/\\\/conagoparecotopaxi.gob.ec\\\/cotopaxi\\\/?page_id=2967\",\"url\":\"https:\\\/\\\/conagoparecotopaxi.gob.ec\\\/cotopaxi\\\/?page_id=2967\",\"name\":\"Rendici\u00f3n de Cuentas 2022 - Conagopare sede Cotopaxi\",\"isPartOf\":{\"@id\":\"https:\\\/\\\/conagoparecotopaxi.gob.ec\\\/cotopaxi\\\/#website\"},\"datePublished\":\"2023-06-30T17:26:50+00:00\",\"dateModified\":\"2023-07-01T03:03:08+00:00\",\"breadcrumb\":{\"@id\":\"https:\\\/\\\/conagoparecotopaxi.gob.ec\\\/cotopaxi\\\/?page_id=2967#breadcrumb\"},\"inLanguage\":\"es\",\"potentialAction\":[{\"@type\":\"ReadAction\",\"target\":[\"https:\\\/\\\/conagoparecotopaxi.gob.ec\\\/cotopaxi\\\/?page_id=2967\"]}]},{\"@type\":\"BreadcrumbList\",\"@id\":\"https:\\\/\\\/conagoparecotopaxi.gob.ec\\\/cotopaxi\\\/?page_id=2967#breadcrumb\",\"itemListElement\":[{\"@type\":\"ListItem\",\"position\":1,\"name\":\"Home\",\"item\":\"https:\\\/\\\/conagoparecotopaxi.gob.ec\\\/cotopaxi\"},{\"@type\":\"ListItem\",\"position\":2,\"name\":\"Rendici\u00f3n de Cuentas 2022\"}]},{\"@type\":\"WebSite\",\"@id\":\"https:\\\/\\\/conagoparecotopaxi.gob.ec\\\/cotopaxi\\\/#website\",\"url\":\"https:\\\/\\\/conagoparecotopaxi.gob.ec\\\/cotopaxi\\\/\",\"name\":\"Conagopare sede Cotopaxi\",\"description\":\"Sitio Oficial de la CONAGOPARE sede COTOPAXI\",\"publisher\":{\"@id\":\"https:\\\/\\\/conagoparecotopaxi.gob.ec\\\/cotopaxi\\\/#organization\"},\"potentialAction\":[{\"@type\":\"SearchAction\",\"target\":{\"@type\":\"EntryPoint\",\"urlTemplate\":\"https:\\\/\\\/conagoparecotopaxi.gob.ec\\\/cotopaxi\\\/?s={search_term_string}\"},\"query-input\":{\"@type\":\"PropertyValueSpecification\",\"valueRequired\":true,\"valueName\":\"search_term_string\"}}],\"inLanguage\":\"es\"},{\"@type\":\"Organization\",\"@id\":\"https:\\\/\\\/conagoparecotopaxi.gob.ec\\\/cotopaxi\\\/#organization\",\"name\":\"CONAGOPARE Sede COTOPAXI\",\"url\":\"https:\\\/\\\/conagoparecotopaxi.gob.ec\\\/cotopaxi\\\/\",\"logo\":{\"@type\":\"ImageObject\",\"inLanguage\":\"es\",\"@id\":\"https:\\\/\\\/conagoparecotopaxi.gob.ec\\\/cotopaxi\\\/#\\\/schema\\\/logo\\\/image\\\/\",\"url\":\"https:\\\/\\\/conagoparecotopaxi.gob.ec\\\/cotopaxi\\\/wp-content\\\/uploads\\\/2020\\\/04\\\/Cotopaxi-300x131-1.jpg\",\"contentUrl\":\"https:\\\/\\\/conagoparecotopaxi.gob.ec\\\/cotopaxi\\\/wp-content\\\/uploads\\\/2020\\\/04\\\/Cotopaxi-300x131-1.jpg\",\"width\":300,\"height\":131,\"caption\":\"CONAGOPARE Sede COTOPAXI\"},\"image\":{\"@id\":\"https:\\\/\\\/conagoparecotopaxi.gob.ec\\\/cotopaxi\\\/#\\\/schema\\\/logo\\\/image\\\/\"}}]}<\/script>\n<!-- \/ Yoast SEO plugin. -->","yoast_head_json":{"title":"Rendici\u00f3n de Cuentas 2022 - Conagopare sede Cotopaxi","robots":{"index":"index","follow":"follow","max-snippet":"max-snippet:-1","max-image-preview":"max-image-preview:large","max-video-preview":"max-video-preview:-1"},"canonical":"https:\/\/conagoparecotopaxi.gob.ec\/cotopaxi\/?page_id=2967","og_locale":"es_ES","og_type":"article","og_title":"Rendici\u00f3n de Cuentas 2022 - Conagopare sede Cotopaxi","og_description":"&nbsp; Propuesta del proceso del Informe de Rendici\u00f3n de Cuentas del a\u00f1o 2022 FUNCION DEL ESTADO OK Invitaci\u00f3n de Informe de Rendici\u00f3n de Cuentas del a\u00f1o 2022 memorando Nro.CC-CONT-2023-57 Convocatoria &#8211; para la socializaci\u00f3n Interna del informe de la Rendici\u00f3n de Cuentas a\u00f1o 2022 Acta de socializaci\u00f3n Interna del Informe de Rendici\u00f3n de Cuenta a\u00f1o [&hellip;]","og_url":"https:\/\/conagoparecotopaxi.gob.ec\/cotopaxi\/?page_id=2967","og_site_name":"Conagopare sede Cotopaxi","article_modified_time":"2023-07-01T03:03:08+00:00","twitter_card":"summary_large_image","twitter_misc":{"Tiempo de lectura":"1 minuto"},"schema":{"@context":"https:\/\/schema.org","@graph":[{"@type":"WebPage","@id":"https:\/\/conagoparecotopaxi.gob.ec\/cotopaxi\/?page_id=2967","url":"https:\/\/conagoparecotopaxi.gob.ec\/cotopaxi\/?page_id=2967","name":"Rendici\u00f3n de Cuentas 2022 - Conagopare sede Cotopaxi","isPartOf":{"@id":"https:\/\/conagoparecotopaxi.gob.ec\/cotopaxi\/#website"},"datePublished":"2023-06-30T17:26:50+00:00","dateModified":"2023-07-01T03:03:08+00:00","breadcrumb":{"@id":"https:\/\/conagoparecotopaxi.gob.ec\/cotopaxi\/?page_id=2967#breadcrumb"},"inLanguage":"es","potentialAction":[{"@type":"ReadAction","target":["https:\/\/conagoparecotopaxi.gob.ec\/cotopaxi\/?page_id=2967"]}]},{"@type":"BreadcrumbList","@id":"https:\/\/conagoparecotopaxi.gob.ec\/cotopaxi\/?page_id=2967#breadcrumb","itemListElement":[{"@type":"ListItem","position":1,"name":"Home","item":"https:\/\/conagoparecotopaxi.gob.ec\/cotopaxi"},{"@type":"ListItem","position":2,"name":"Rendici\u00f3n de Cuentas 2022"}]},{"@type":"WebSite","@id":"https:\/\/conagoparecotopaxi.gob.ec\/cotopaxi\/#website","url":"https:\/\/conagoparecotopaxi.gob.ec\/cotopaxi\/","name":"Conagopare sede Cotopaxi","description":"Sitio Oficial de la CONAGOPARE sede COTOPAXI","publisher":{"@id":"https:\/\/conagoparecotopaxi.gob.ec\/cotopaxi\/#organization"},"potentialAction":[{"@type":"SearchAction","target":{"@type":"EntryPoint","urlTemplate":"https:\/\/conagoparecotopaxi.gob.ec\/cotopaxi\/?s={search_term_string}"},"query-input":{"@type":"PropertyValueSpecification","valueRequired":true,"valueName":"search_term_string"}}],"inLanguage":"es"},{"@type":"Organization","@id":"https:\/\/conagoparecotopaxi.gob.ec\/cotopaxi\/#organization","name":"CONAGOPARE Sede COTOPAXI","url":"https:\/\/conagoparecotopaxi.gob.ec\/cotopaxi\/","logo":{"@type":"ImageObject","inLanguage":"es","@id":"https:\/\/conagoparecotopaxi.gob.ec\/cotopaxi\/#\/schema\/logo\/image\/","url":"https:\/\/conagoparecotopaxi.gob.ec\/cotopaxi\/wp-content\/uploads\/2020\/04\/Cotopaxi-300x131-1.jpg","contentUrl":"https:\/\/conagoparecotopaxi.gob.ec\/cotopaxi\/wp-content\/uploads\/2020\/04\/Cotopaxi-300x131-1.jpg","width":300,"height":131,"caption":"CONAGOPARE Sede COTOPAXI"},"image":{"@id":"https:\/\/conagoparecotopaxi.gob.ec\/cotopaxi\/#\/schema\/logo\/image\/"}}]}},"_links":{"self":[{"href":"https:\/\/conagoparecotopaxi.gob.ec\/cotopaxi\/index.php?rest_route=\/wp\/v2\/pages\/2967","targetHints":{"allow":["GET"]}}],"collection":[{"href":"https:\/\/conagoparecotopaxi.gob.ec\/cotopaxi\/index.php?rest_route=\/wp\/v2\/pages"}],"about":[{"href":"https:\/\/conagoparecotopaxi.gob.ec\/cotopaxi\/index.php?rest_route=\/wp\/v2\/types\/page"}],"author":[{"embeddable":true,"href":"https:\/\/conagoparecotopaxi.gob.ec\/cotopaxi\/index.php?rest_route=\/wp\/v2\/users\/2"}],"replies":[{"embeddable":true,"href":"https:\/\/conagoparecotopaxi.gob.ec\/cotopaxi\/index.php?rest_route=%2Fwp%2Fv2%2Fcomments&post=2967"}],"version-history":[{"count":8,"href":"https:\/\/conagoparecotopaxi.gob.ec\/cotopaxi\/index.php?rest_route=\/wp\/v2\/pages\/2967\/revisions"}],"predecessor-version":[{"id":2991,"href":"https:\/\/conagoparecotopaxi.gob.ec\/cotopaxi\/index.php?rest_route=\/wp\/v2\/pages\/2967\/revisions\/2991"}],"wp:attachment":[{"href":"https:\/\/conagoparecotopaxi.gob.ec\/cotopaxi\/index.php?rest_route=%2Fwp%2Fv2%2Fmedia&parent=2967"}],"curies":[{"name":"wp","href":"https:\/\/api.w.org\/{rel}","templated":true}]}}